{"id":2,"date":"2019-05-10T18:05:31","date_gmt":"2019-05-10T16:05:31","guid":{"rendered":"https:\/\/saccisica.me\/campofiore-uc\/?page_id=2"},"modified":"2019-05-12T00:30:57","modified_gmt":"2019-05-11T22:30:57","slug":"pagina-di-esempio","status":"publish","type":"page","link":"https:\/\/saccisica.me\/campofiore-uc\/","title":{"rendered":"Pagina di esempio."},"content":{"rendered":"<p>[et_pb_section fb_built=&#8221;1&#8243; admin_label=&#8221;section&#8221; _builder_version=&#8221;3.22.3&#8243;][et_pb_row admin_label=&#8221;row&#8221; _builder_version=&#8221;3.22.3&#8243; background_size=&#8221;initial&#8221; background_position=&#8221;top_left&#8221; background_repeat=&#8221;repeat&#8221;][et_pb_column type=&#8221;4_4&#8243; _builder_version=&#8221;3.0.47&#8243;][et_pb_text admin_label=&#8221;Text&#8221; _builder_version=&#8221;3.22.7&#8243; background_size=&#8221;initial&#8221; background_position=&#8221;top_left&#8221; background_repeat=&#8221;repeat&#8221;]<\/p>\n<p style=\"text-align: center;\"><img loading=\"lazy\" decoding=\"async\" src=\"https:\/\/campofiore.eu\/wp-content\/uploads\/sites\/9\/2019\/05\/IMG_0305-300x83.jpeg\" width=\"300\" height=\"83\" alt=\"\" class=\"wp-image-6 alignnone size-medium\" srcset=\"https:\/\/saccisica.me\/campofiore-uc\/wp-content\/uploads\/sites\/9\/2019\/05\/IMG_0305-300x83.jpeg 300w, https:\/\/saccisica.me\/campofiore-uc\/wp-content\/uploads\/sites\/9\/2019\/05\/IMG_0305.jpeg 557w\" sizes=\"(max-width: 300px) 100vw, 300px\" \/><\/p>\n<p>[\/et_pb_text][\/et_pb_column][\/et_pb_row][et_pb_row _builder_version=&#8221;3.22.7&#8243;][et_pb_column type=&#8221;4_4&#8243; _builder_version=&#8221;3.22.7&#8243;][et_pb_text _builder_version=&#8221;3.22.7&#8243; custom_margin=&#8221;||88px|||&#8221;]<\/p>\n<h1 style=\"text-align: center;\"><strong>Campofiore Country House<\/strong><\/h1>\n<p style=\"text-align: center;\">Il nostro sito \u00e8 in fase di restyling<\/p>\n<p>[\/et_pb_text][\/et_pb_column][\/et_pb_row][et_pb_row _builder_version=&#8221;3.22.7&#8243;][et_pb_column type=&#8221;1_3&#8243; _builder_version=&#8221;3.22.7&#8243;][et_pb_blurb title=&#8221;Prenota con Booking&#8221; image=&#8221;https:\/\/campofiore.eu\/wp-content\/uploads\/sites\/9\/2019\/05\/booking-e1557613299497.png&#8221; _builder_version=&#8221;3.22.7&#8243; text_orientation=&#8221;center&#8221; link_option_url_new_window=&#8221;on&#8221; link_option_url=&#8221;https:\/\/www.booking.com\/hotel\/it\/country-house-campofiore.it.html&#8221; custom_padding=&#8221;7%||&#8221;][\/et_pb_blurb][\/et_pb_column][et_pb_column type=&#8221;1_3&#8243; _builder_version=&#8221;3.22.7&#8243;][et_pb_blurb title=&#8221;Prenota con Expedia&#8221; image=&#8221;https:\/\/campofiore.eu\/wp-content\/uploads\/sites\/9\/2019\/05\/expedia-e1557613354661.png&#8221; _builder_version=&#8221;3.22.7&#8243; text_orientation=&#8221;center&#8221; link_option_url_new_window=&#8221;on&#8221; link_option_url=&#8221;https:\/\/www.expedia.com\/Pontelongo-Hotels-Country-House-Campofiore.h34472048.Hotel-Information&#8221;][\/et_pb_blurb][\/et_pb_column][et_pb_column type=&#8221;1_3&#8243; _builder_version=&#8221;3.22.7&#8243;][et_pb_blurb title=&#8221;Contatta Campofiore&#8221; image=&#8221;https:\/\/campofiore.eu\/wp-content\/uploads\/sites\/9\/2019\/05\/IMG_0305.jpeg&#8221; _builder_version=&#8221;3.22.7&#8243; text_orientation=&#8221;center&#8221; link_option_url_new_window=&#8221;on&#8221; link_option_url=&#8221;mailto:info@campofiore.eu&#8221; custom_padding=&#8221;3%||&#8221;][\/et_pb_blurb][\/et_pb_column][\/et_pb_row][et_pb_row _builder_version=&#8221;3.22.7&#8243;][et_pb_column type=&#8221;4_4&#8243; _builder_version=&#8221;3.22.7&#8243;][et_pb_text _builder_version=&#8221;3.22.7&#8243;]<\/p>\n<h2 style=\"text-align: center;\">Telefono:\u00a0+39 333 6482775<\/h2>\n<p>[\/et_pb_text][\/et_pb_column][\/et_pb_row][\/et_pb_section]<\/p>\n","protected":false},"excerpt":{"rendered":"<p>Campofiore Country House Il nostro sito \u00e8 in fase di restylingTelefono:\u00a0+39 333 6482775<\/p>\n","protected":false},"author":1,"featured_media":0,"parent":0,"menu_order":0,"comment_status":"closed","ping_status":"open","template":"page-template-blank.php","meta":{"_et_pb_use_builder":"on","_et_pb_old_content":"<!-- wp:paragraph -->\n<p>Questa \u00e8 una pagina di esempio. Differisce da un articolo di un blog perch\u00e9 rimane sempre allo stesso posto e (in molti temi) appare nel menu di navigazione. Molte persone iniziano con una pagina di Informazioni che li presentano ai visitatori del sito. Potrebbe apparire una presentazione del tipo:<\/p>\n<!-- \/wp:paragraph -->\n\n<!-- wp:quote -->\n<blockquote class=\"wp-block-quote\"><p>Ciao! Sono un fattorino ciclista di giorno, aspirante attore di notte e questo \u00e8 il mio sito web. Vivo a Los Angeles, ho un grande cane di nome Jack e mi piace la pi\u00f1a colada. (E prendere la pioggia)<\/p><\/blockquote>\n<!-- \/wp:quote -->\n\n<!-- wp:paragraph -->\n<p>...o qualcosa di simile:<\/p>\n<!-- \/wp:paragraph -->\n\n<!-- wp:quote -->\n<blockquote class=\"wp-block-quote\"><p>La Societ\u00e0 XYZ Aggeggi \u00e8 stata fondata nel 1971 e da allora fornisce al pubblico aggeggi di ottima qualit\u00e0. Situata a Fantasilandia, XYZ impiega oltre 2.000 persone e realizza ogni sorta di aggeggio fantastico per la comunit\u00e0 di Fantasilandia.<\/p><\/blockquote>\n<!-- \/wp:quote -->\n\n<!-- wp:paragraph -->\n<p>Come nuovo utente di WordPress, dovresti andare nella tua <a href=\"https:\/\/saccisica.me\/campofiore-uc\/wp-admin\/\">Bacheca<\/a> per eliminare questa pagina, e crearne delle nuove per i tuoi contenuti. Divertiti!<\/p>\n<!-- \/wp:paragraph -->","_et_gb_content_width":"","footnotes":""},"class_list":["post-2","page","type-page","status-publish","hentry"],"yoast_head":"<!-- This site is optimized with the Yoast SEO plugin v25.0 - https:\/\/yoast.com\/wordpress\/plugins\/seo\/ -->\n<title>Pagina di esempio. - Campofiore Country House<\/title>\n<meta name=\"robots\" content=\"index, follow, max-snippet:-1, max-image-preview:large, max-video-preview:-1\" \/>\n<link rel=\"canonical\" href=\"https:\/\/saccisica.me\/campofiore-uc\/\" \/>\n<meta property=\"og:locale\" content=\"it_IT\" \/>\n<meta property=\"og:type\" content=\"article\" \/>\n<meta property=\"og:title\" content=\"Pagina di esempio. - Campofiore Country House\" \/>\n<meta property=\"og:description\" content=\"Campofiore Country House Il nostro sito \u00e8 in fase di restylingTelefono:\u00a0+39 333 6482775\" \/>\n<meta property=\"og:url\" content=\"https:\/\/saccisica.me\/campofiore-uc\/\" \/>\n<meta property=\"og:site_name\" content=\"Campofiore Country House\" \/>\n<meta property=\"article:modified_time\" content=\"2019-05-11T22:30:57+00:00\" \/>\n<meta property=\"og:image\" content=\"https:\/\/campofiore.eu\/wp-content\/uploads\/sites\/9\/2019\/05\/IMG_0305-300x83.jpeg\" \/>\n<meta name=\"twitter:card\" content=\"summary_large_image\" \/>\n<meta name=\"twitter:label1\" content=\"Tempo di lettura stimato\" \/>\n\t<meta name=\"twitter:data1\" content=\"1 minuto\" \/>\n<script type=\"application\/ld+json\" class=\"yoast-schema-graph\">{\"@context\":\"https:\/\/schema.org\",\"@graph\":[{\"@type\":\"WebPage\",\"@id\":\"https:\/\/saccisica.me\/campofiore-uc\/\",\"url\":\"https:\/\/saccisica.me\/campofiore-uc\/\",\"name\":\"Pagina di esempio. - Campofiore Country House\",\"isPartOf\":{\"@id\":\"https:\/\/saccisica.me\/campofiore-uc\/#website\"},\"primaryImageOfPage\":{\"@id\":\"https:\/\/saccisica.me\/campofiore-uc\/#primaryimage\"},\"image\":{\"@id\":\"https:\/\/saccisica.me\/campofiore-uc\/#primaryimage\"},\"thumbnailUrl\":\"https:\/\/campofiore.eu\/wp-content\/uploads\/sites\/9\/2019\/05\/IMG_0305-300x83.jpeg\",\"datePublished\":\"2019-05-10T16:05:31+00:00\",\"dateModified\":\"2019-05-11T22:30:57+00:00\",\"breadcrumb\":{\"@id\":\"https:\/\/saccisica.me\/campofiore-uc\/#breadcrumb\"},\"inLanguage\":\"it-IT\",\"potentialAction\":[{\"@type\":\"ReadAction\",\"target\":[\"https:\/\/saccisica.me\/campofiore-uc\/\"]}]},{\"@type\":\"ImageObject\",\"inLanguage\":\"it-IT\",\"@id\":\"https:\/\/saccisica.me\/campofiore-uc\/#primaryimage\",\"url\":\"https:\/\/campofiore.eu\/wp-content\/uploads\/sites\/9\/2019\/05\/IMG_0305-300x83.jpeg\",\"contentUrl\":\"https:\/\/campofiore.eu\/wp-content\/uploads\/sites\/9\/2019\/05\/IMG_0305-300x83.jpeg\"},{\"@type\":\"BreadcrumbList\",\"@id\":\"https:\/\/saccisica.me\/campofiore-uc\/#breadcrumb\",\"itemListElement\":[{\"@type\":\"ListItem\",\"position\":1,\"name\":\"Home\",\"item\":\"https:\/\/saccisica.me\/campofiore-uc\/\"},{\"@type\":\"ListItem\",\"position\":2,\"name\":\"Pagina di esempio.\"}]},{\"@type\":\"WebSite\",\"@id\":\"https:\/\/saccisica.me\/campofiore-uc\/#website\",\"url\":\"https:\/\/saccisica.me\/campofiore-uc\/\",\"name\":\"Campofiore Country House\",\"description\":\"Ecco un altro sito Siti SaccisicaMe\",\"potentialAction\":[{\"@type\":\"SearchAction\",\"target\":{\"@type\":\"EntryPoint\",\"urlTemplate\":\"https:\/\/saccisica.me\/campofiore-uc\/?s={search_term_string}\"},\"query-input\":{\"@type\":\"PropertyValueSpecification\",\"valueRequired\":true,\"valueName\":\"search_term_string\"}}],\"inLanguage\":\"it-IT\"}]}<\/script>\n<!-- \/ Yoast SEO plugin. -->","yoast_head_json":{"title":"Pagina di esempio. - Campofiore Country House","robots":{"index":"index","follow":"follow","max-snippet":"max-snippet:-1","max-image-preview":"max-image-preview:large","max-video-preview":"max-video-preview:-1"},"canonical":"https:\/\/saccisica.me\/campofiore-uc\/","og_locale":"it_IT","og_type":"article","og_title":"Pagina di esempio. - Campofiore Country House","og_description":"Campofiore Country House Il nostro sito \u00e8 in fase di restylingTelefono:\u00a0+39 333 6482775","og_url":"https:\/\/saccisica.me\/campofiore-uc\/","og_site_name":"Campofiore Country House","article_modified_time":"2019-05-11T22:30:57+00:00","og_image":[{"url":"https:\/\/campofiore.eu\/wp-content\/uploads\/sites\/9\/2019\/05\/IMG_0305-300x83.jpeg","type":"","width":"","height":""}],"twitter_card":"summary_large_image","twitter_misc":{"Tempo di lettura stimato":"1 minuto"},"schema":{"@context":"https:\/\/schema.org","@graph":[{"@type":"WebPage","@id":"https:\/\/saccisica.me\/campofiore-uc\/","url":"https:\/\/saccisica.me\/campofiore-uc\/","name":"Pagina di esempio. - Campofiore Country House","isPartOf":{"@id":"https:\/\/saccisica.me\/campofiore-uc\/#website"},"primaryImageOfPage":{"@id":"https:\/\/saccisica.me\/campofiore-uc\/#primaryimage"},"image":{"@id":"https:\/\/saccisica.me\/campofiore-uc\/#primaryimage"},"thumbnailUrl":"https:\/\/campofiore.eu\/wp-content\/uploads\/sites\/9\/2019\/05\/IMG_0305-300x83.jpeg","datePublished":"2019-05-10T16:05:31+00:00","dateModified":"2019-05-11T22:30:57+00:00","breadcrumb":{"@id":"https:\/\/saccisica.me\/campofiore-uc\/#breadcrumb"},"inLanguage":"it-IT","potentialAction":[{"@type":"ReadAction","target":["https:\/\/saccisica.me\/campofiore-uc\/"]}]},{"@type":"ImageObject","inLanguage":"it-IT","@id":"https:\/\/saccisica.me\/campofiore-uc\/#primaryimage","url":"https:\/\/campofiore.eu\/wp-content\/uploads\/sites\/9\/2019\/05\/IMG_0305-300x83.jpeg","contentUrl":"https:\/\/campofiore.eu\/wp-content\/uploads\/sites\/9\/2019\/05\/IMG_0305-300x83.jpeg"},{"@type":"BreadcrumbList","@id":"https:\/\/saccisica.me\/campofiore-uc\/#breadcrumb","itemListElement":[{"@type":"ListItem","position":1,"name":"Home","item":"https:\/\/saccisica.me\/campofiore-uc\/"},{"@type":"ListItem","position":2,"name":"Pagina di esempio."}]},{"@type":"WebSite","@id":"https:\/\/saccisica.me\/campofiore-uc\/#website","url":"https:\/\/saccisica.me\/campofiore-uc\/","name":"Campofiore Country House","description":"Ecco un altro sito Siti SaccisicaMe","potentialAction":[{"@type":"SearchAction","target":{"@type":"EntryPoint","urlTemplate":"https:\/\/saccisica.me\/campofiore-uc\/?s={search_term_string}"},"query-input":{"@type":"PropertyValueSpecification","valueRequired":true,"valueName":"search_term_string"}}],"inLanguage":"it-IT"}]}},"_links":{"self":[{"href":"https:\/\/saccisica.me\/campofiore-uc\/wp-json\/wp\/v2\/pages\/2","targetHints":{"allow":["GET"]}}],"collection":[{"href":"https:\/\/saccisica.me\/campofiore-uc\/wp-json\/wp\/v2\/pages"}],"about":[{"href":"https:\/\/saccisica.me\/campofiore-uc\/wp-json\/wp\/v2\/types\/page"}],"author":[{"embeddable":true,"href":"https:\/\/saccisica.me\/campofiore-uc\/wp-json\/wp\/v2\/users\/1"}],"replies":[{"embeddable":true,"href":"https:\/\/saccisica.me\/campofiore-uc\/wp-json\/wp\/v2\/comments?post=2"}],"version-history":[{"count":6,"href":"https:\/\/saccisica.me\/campofiore-uc\/wp-json\/wp\/v2\/pages\/2\/revisions"}],"predecessor-version":[{"id":16,"href":"https:\/\/saccisica.me\/campofiore-uc\/wp-json\/wp\/v2\/pages\/2\/revisions\/16"}],"wp:attachment":[{"href":"https:\/\/saccisica.me\/campofiore-uc\/wp-json\/wp\/v2\/media?parent=2"}],"curies":[{"name":"wp","href":"https:\/\/api.w.org\/{rel}","templated":true}]}}